{"id":7,"date":"2023-12-12T16:22:20","date_gmt":"2023-12-12T16:22:20","guid":{"rendered":"https:\/\/www.anfitoscana.net\/expo\/?page_id=7"},"modified":"2026-01-19T13:47:21","modified_gmt":"2026-01-19T13:47:21","slug":"iscrizioni","status":"publish","type":"page","link":"https:\/\/www.anfitoscana.net\/expo\/index.php\/iscrizioni\/","title":{"rendered":"Iscrizioni"},"content":{"rendered":"<div style=\"overflow-x: auto;\">\n<table>\n<tbody>\n<tr>\n<td><strong>TASSE D&#8217;ISCRIZIONE: \u00a0\u00a0\u00a0<\/strong><\/td>\n<td><strong>1 GIORNO<\/strong><\/td>\n<td><strong>2 GIORNI<\/strong><\/td>\n<\/tr>\n<tr>\n<td>Classe: 1 &#8211; 13<\/td>\n<td>\u20ac 50,00<\/td>\n<td>\u20ac 70,00<\/td>\n<\/tr>\n<tr>\n<td>Classe: 1 &#8211; 13 (2 gatti, ciascun gatto)<\/td>\n<td>\u20ac 50,00<\/td>\n<td>\u20ac 65,00<\/td>\n<\/tr>\n<tr>\n<td>Classe: 1 &#8211; 13 (3 gatti, ciascun gatto)<\/td>\n<td>\u20ac 50,00<\/td>\n<td>\u20ac 60,00<\/td>\n<\/tr>\n<tr>\n<td>Gabbia doppia<\/td>\n<td>\u20ac 20,00<\/td>\n<td>\u20ac 20,00<\/td>\n<\/tr>\n<tr>\n<td>Classe: 14 (GATTI DI CASA)<\/td>\n<td>\u20ac 35,00<\/td>\n<td>\u20ac 55,00<\/td>\n<\/tr>\n<tr>\n<td>Classe: 15 (FUORI CONCORSO, max 3 soggetti con almeno 1 in concorso)<\/td>\n<td>\u20ac 30,00<\/td>\n<td>\u20ac 50,00<\/td>\n<\/tr>\n<tr>\n<td>Conferma colore<\/td>\n<td>\u20ac. 15,00<\/td>\n<td><\/td>\n<\/tr>\n<tr>\n<td>Catalogo obbligatorio<\/td>\n<td><\/td>\n<td>\u00a0\u20ac 5,00<\/td>\n<\/tr>\n<\/tbody>\n<\/table>\n<\/div>\n<h4>*Le tariffe di 1 giorno\/2 giorni si intendono sempre\u00a0<em><strong>\u00a0A GATTO\u00a0\u00a0<\/strong><\/em>da sommarsi quindi per pi\u00f9 gatti iscritti.<\/h4>\n<p style=\"text-align: justify;\"><span style=\"text-decoration: underline;\"><strong>*Cliccando sul riquadro \u201cgabbia doppia uso singola\u201d nel formulario di iscrizione sar\u00e0 addebitato il relativo costo giornaliero, la gabbia doppia uso singola sar\u00e0 assegnata in base alla disponibilit\u00e0.<\/strong><\/span><\/p>\n<h2 style=\"text-align: center;\"><span style=\"color: #ff0000;\"><strong>ATTENZIONE<\/strong><\/span><\/h2>\n<h4 style=\"text-align: center;\">Per il pagamento via BONIFICO ecco di seguito i dati:<br \/>\nIBAN:IT20X0306913808100000002124<br \/>\nBIC\/SWIFT: BCITITMMXXX<br \/>\nINTESTATO A: Associazione Nazionale Felina Italiana SezioneToscana<br \/>\nCAUSALE: <strong>nome dell\u2019espositore<span class=\"s1\">\u00a0che risulta a catalogo<\/span><\/strong><\/h4>\n<h2 style=\"text-align: center;\"><strong><span style=\"color: #ff0000;\">LE ISCRIZIONI CHIUDERANNO &#8220;14 Gennaio 2026&#8221;<\/span><\/strong><\/h2>\n<p style=\"text-align: justify;\">I gatti\u00a0<strong>segnalati ASSENTI entro la chiusura iscrizioni NON dovranno essere pagati<\/strong>, dopo tale data,\u00a0 per i gatti ASSENTI,\u00a0 si richiede il pagamento entro una settimana dall\u2019expo, anche in caso di assenza (per qualsiasi motivo) per tutti i gatti iscritti a catalogo. Non sono accettati certificati medici n\u00e8 per i gatti e neppure per i proprietari.<\/p>\n<blockquote>\n<p style=\"text-align: justify;\">Tutti gli espositori dovranno effettuare tassativamente il pagamento in anticipo entro la chiusura delle ISCRIZIONI, pagamenti in ritardo o in expo saranno maggiorati di e. 10,00 a gatto.<\/p>\n<p style=\"text-align: justify;\">Si prega di indicare nella Descrizione \/ Causale il nome dell\u2019espositore colui che risulta a catalogo e non il nome del gatto e\/o dell\u2019affisso. Per favore non effettuate pagamenti cumulativi, ma pagamenti per singolo espositore.<\/p>\n<\/blockquote>\n<h2 class=\"p1\" style=\"text-align: center;\">Modalit\u00e0 d\u2019iscrizione<\/h2>\n<p>I Gatti iscritti al Libro Genealogico Nazionale (ANFI) devono essere iscritti\u00a0\u00a0<strong>esclusivamente tramite il\u00a0<a href=\"https:\/\/servizi.anfi.it\/\" target=\"_blank\" rel=\"noopener noreferrer\">PANNELLO DI CONTROLLO PERSONALE<\/a><\/strong>.<br \/>\nAl pannello di controllo personale possono accedere sia i soci ANFI che i non soci.<br \/>\nI gatti con numero LO in corso possono iscriversi tramite il formulario compilando correttamente tutti i campi.<\/p>\n<ul>\n<li>Per richiedere l\u2019accesso al Pannello di controllo compilare il formulario alla pagina:\u00a0\u201c<a href=\"https:\/\/servizi.anfitalia.net\/#\/request_account\">RICHIESTA DI ACCESSO PANNELLO DI CONTROLLO<\/a>\u201d<\/li>\n<\/ul>\n<ul>\n<li>Per compilare il formulario relativo all\u2019iscrizione di gatti con LO ANFI in corso, LO FIFE, LO n\u00e8 ANFI n\u00e8 FIFe, gatti di casa:\u00a0<a href=\"https:\/\/www.iscrizioni-expo.it\/expo-pistoia-2026\">CLICCA QUI<\/a><\/li>\n<\/ul>\n<hr \/>\n<h2 style=\"text-align: center;\"><span style=\"color: #ff0000;\"><strong>ATTENZIONE<\/strong><\/span><\/h2>\n<ul>\n<li style=\"text-align: justify;\">Gatti iscritti al Libro Genealogico Nazionale (ANFI) devono essere iscritti esclusivamente tramite il pannello di controllo personale. Al pannello di controllo personale possono accedere sia i soci ANFI che i non soci. I gatti con numero LO in corso possono iscriversi tramite il\u00a0<a href=\"https:\/\/www.iscrizioni-expo.it\/expo-pistoia-2026\">formulario<\/a>\u00a0compilando correttamente tutti i campi.<\/li>\n<li style=\"text-align: justify;\">Gatti iscritti a Libri Genealogici riconosciuti MIPAAF (AFeF, ENFI, AGI) e gatti con pedigree WCF, indipendentemente se nati in Italia o all\u2019estero, possono essere iscritti tramite il\u00a0<a href=\"https:\/\/www.iscrizioni-expo.it\/expo-pistoia-2026\">formulario<\/a>\u00a0compilando correttamente tutti i campi. Questi gatti potranno partecipare esclusivamente nelle classi 12 \u2013 11 \u2013 10 \u2013 09.<\/li>\n<li style=\"text-align: justify;\">Gatti registrati in Associazioni FIFe possono essere iscritti tramite il\u00a0<a href=\"https:\/\/www.iscrizioni-expo.it\/expo-pistoia-2026\">formulario<\/a>\u00a0compilando correttamente tutti i campi.<\/li>\n<li style=\"text-align: justify;\">Gatti registrati in Associazioni Internazionali CFA, TICA ed altre di propriet\u00e0 di cittadini italiani devono essere iscritti in \u201cControllo di Conformit\u00e0 allo Standard\u201d per la verifica di conformit\u00e0 allo standard cos\u00ec come previsto dalle Norme Tecniche. Superato il CCS potranno partecipare nella classe di concorso di competenza. Per questi gatti verr\u00e0 richiesto il Nulla Osta dall\u2019Ufficio Centrale di Torino subordinato all\u2019invio dei documenti necessari per la registrazione al Libro Genealogico. La procedura di registrazione deve essere stata richiesta e pagata almeno dieci giorni prima della expo. Inoltre se il richiedente non \u00e8 Socio ANFI il gatto potr\u00e0 essere iscritto nelle classi superiori alla 10 ed alla 09 solo dopo che il proprietario sia diventato Socio ANFI come previsto dalle NT e dalla FIFe.<\/li>\n<li style=\"text-align: justify;\">Gatti registrati in Associazioni FIFe di propriet\u00e0 di cittadini stranieri possono essere iscritti solo in presenza della scheda debitamente timbrata e firmata dal Club di appartenenza.<\/li>\n<li style=\"text-align: justify;\">Gatti registrati in Associazioni Internazionali CFA, TICA ed altre di propriet\u00e0 di cittadini stranieri possono essere iscritti solo in presenza della scheda debitamente timbrata e firmata dal Club di appartenenza ed accompagnati dalla copia del documento genealogico.<\/li>\n<\/ul>\n<hr \/>\n<h2 style=\"text-align: center;\"><strong>PRESCRIZIONI VETERINARIE ED AVVERTENZE<\/strong><\/h2>\n<blockquote>\n<p style=\"text-align: center;\"><span style=\"text-decoration: underline;\"><strong><em>Verr\u00e0 effettuata la visita veterinaria in loco, premunitevi quindi di libretto sanitario (e\/o passaporto per i gatti provenienti dall&#8217;estero) in alternativa, potrete consegnare un certificato medico per ogni gatto e saltare la visita veterinaria ricordando di portare con se il libretto e\/o passaporto dei gatti.<\/em><\/strong><\/span><\/p>\n<\/blockquote>\n<ul>\n<li style=\"text-align: justify;\">Tutti i gatti dovranno essere immunizzati con vaccino trivalente. Per i gatti provenienti dall\u2019estero vigono le normative comunitarie.<\/li>\n<li style=\"text-align: justify;\">Per i gatti bianchi \u00e8 necessario presentare un certificato medico-veterinario che attesti la NON SORDITA\u2019 bilaterale.<\/li>\n<li style=\"text-align: justify;\">I gatti non potranno essere lasciati nelle gabbie durante la notte.<\/li>\n<li style=\"text-align: justify;\">Se non viene specificato a quale esposizione si intende partecipare sar\u00e0 ritenuto che i gatti parteciperanno ad entrambe le esposizioni.<\/li>\n<li style=\"text-align: justify;\">Con l\u2019iscrizione l\u2019espositore riconosce l\u2019autorit\u00e0 della FIFe e dell\u2019Associazione Nazionale Felina Italiana ed i loro regolamenti. La partecipazione \u00e8 a proprio rischio e pericolo.<\/li>\n<li style=\"text-align: justify;\">Per l\u2019assistenza dei gatti sono responsabili i singoli espositori.<\/li>\n<li style=\"text-align: justify;\">E\u2019 severamente vietata l\u2019uscita dei gatti dai locali durante la visita del pubblico. I gatti dovranno essere presenti durante tutta la durata dell\u2019esposizione sotto pena di sanzioni e sospensione degli eventuali premi.<\/li>\n<li style=\"text-align: justify;\">E\u2019 consentito l\u2019ingresso ad un solo accompagnatore per singolo espositore. Eventuali altri accompagnatori potranno acquistare il biglietto all\u2019ingresso in mostra.<\/li>\n<\/ul>\n","protected":false},"excerpt":{"rendered":"<p>TASSE D&#8217;ISCRIZIONE: \u00a0\u00a0\u00a0 1 GIORNO 2 GIORNI Classe: 1 &#8211; 13 \u20ac 50,00 \u20ac 70,00 Classe: 1 &#8211; 13 (2 gatti, ciascun gatto) \u20ac 50,00 \u20ac 65,00 Classe: 1 &#8211; 13 (3 gatti, ciascun gatto) \u20ac 50,00 \u20ac 60,00 Gabbia doppia \u20ac 20,00 \u20ac 20,00 Classe: 14 (GATTI DI CASA)&#8230;<\/p>\n<p class=\"continue-reading-button\"> <a class=\"continue-reading-link\" href=\"https:\/\/www.anfitoscana.net\/expo\/index.php\/iscrizioni\/\">Continue reading<i class=\"crycon-right-dir\"><\/i><\/a><\/p>\n","protected":false},"author":1,"featured_media":0,"parent":0,"menu_order":0,"comment_status":"closed","ping_status":"closed","template":"","meta":{"om_disable_all_campaigns":false,"_monsterinsights_skip_tracking":false,"_monsterinsights_sitenote_active":false,"_monsterinsights_sitenote_note":"","_monsterinsights_sitenote_category":0,"footnotes":""},"class_list":["post-7","page","type-page","status-publish","hentry"],"aioseo_notices":[],"_links":{"self":[{"href":"https:\/\/www.anfitoscana.net\/expo\/index.php\/wp-json\/wp\/v2\/pages\/7","targetHints":{"allow":["GET"]}}],"collection":[{"href":"https:\/\/www.anfitoscana.net\/expo\/index.php\/wp-json\/wp\/v2\/pages"}],"about":[{"href":"https:\/\/www.anfitoscana.net\/expo\/index.php\/wp-json\/wp\/v2\/types\/page"}],"author":[{"embeddable":true,"href":"https:\/\/www.anfitoscana.net\/expo\/index.php\/wp-json\/wp\/v2\/users\/1"}],"replies":[{"embeddable":true,"href":"https:\/\/www.anfitoscana.net\/expo\/index.php\/wp-json\/wp\/v2\/comments?post=7"}],"version-history":[{"count":16,"href":"https:\/\/www.anfitoscana.net\/expo\/index.php\/wp-json\/wp\/v2\/pages\/7\/revisions"}],"predecessor-version":[{"id":148,"href":"https:\/\/www.anfitoscana.net\/expo\/index.php\/wp-json\/wp\/v2\/pages\/7\/revisions\/148"}],"wp:attachment":[{"href":"https:\/\/www.anfitoscana.net\/expo\/index.php\/wp-json\/wp\/v2\/media?parent=7"}],"curies":[{"name":"wp","href":"https:\/\/api.w.org\/{rel}","templated":true}]}}