{"id":348,"date":"2015-03-30T19:02:35","date_gmt":"2015-03-30T17:02:35","guid":{"rendered":"http:\/\/www.anfitoscana.net\/site\/?page_id=348"},"modified":"2023-03-06T16:55:47","modified_gmt":"2023-03-06T15:55:47","slug":"chi-siamo","status":"publish","type":"page","link":"https:\/\/www.anfitoscana.net\/site\/chi-siamo\/","title":{"rendered":"Chi siamo"},"content":{"rendered":"<p><strong>ASSOCIAZIONE NAZIONALE FELINA ITALIANA<\/strong><\/p>\n<p style=\"text-align: justify;\">L\u2019Associazione Nazionale Felina Italiana (ANFI) per lo Stato Italiano nasce nel 1997, ma \u00e8 l\u2019 erede di una lunga tradizione, dalla FFI (Federazione Felina Italiana ) a sua volta derivata dalla Societ\u00e0 Felina Italiana, \u00a0i cui fondatori gi\u00e0 organizzavano le prime attivit\u00e0 espositive negli \u00a0anni 1934-1935 nelle citt\u00e0 di Milano, Torino e Firenze. Queste prime rassegne feline suscitarono un grande interesse, data la loro assoluta novit\u00e0, e cominciarono la diffusione e la cultura del gatto di razza in Italia.<\/p>\n<p style=\"text-align: justify;\">L\u2019ANFI aderisce alla Associazione Internazionale Felina (FIFe), alla cui fondazione partecip\u00f2 nel 1949 insieme Federazione Felina Francese (FFF) e alla Reale Societ\u00e0 Felina delle Fiandre quando ancora si chiamava Societ\u00e0 Felina Italiana.<\/p>\n<p style=\"text-align: justify;\">La F.I.Fe. tuttora coordina le attuali Associazioni Feline Nazionali aderenti, in rappresentanza dei seguenti paesi: Argentina, Austria, Bielorussia, Brasile, Repubblica Ceca, Cipro, Cina, Croazia, Danimarca, Estonia, Finlandia, Francia, Germania, Grecia, Gran Bretagna, Israele, Islanda, Italia, Lettonia, Liechtenstein, Lituania, Lussemburgo, Malesia, Malta, Messico, Norvegia, Olanda, Polonia, Portogallo, Russia, Serbia, Slovacchia, Slovenia, Spagna, Svezia, Svizzera, Ucraina, Ungheria.<\/p>\n<p style=\"text-align: justify;\">A partire dagli \u201980 l&#8217;A.N.F.I- F.F.I. ebbe una vasta diffusione: nel giro di pochi anni quasi tutti i soci residenti nelle regioni Italiane ove non esisteva organizzazione del territorio in associazione, riuscirono a creare le Sezioni Regionali, con l&#8217;appoggio e la collaborazione del Consiglio Direttivo Nazionale che cerc\u00f2 di incoraggiare al massimo le iniziative locali. Alle sezioni regionali di pi\u00f9 antica costituzione &#8211; Piemonte, Lombardia, Veneto, Liguria, Emilia Romagna, Lazio &#8211; si unirono in quegli anni altre regioni,\u00a0Trentino &#8211; Alto Adige, Friuli &#8211; Venezia Giulia, Umbria, Marche, Puglia \u00a0e fu fondata la SEZIONE REGIONALE TOSCANA, infine anche \u00a0Abruzzo, Campania, Sicilia e Sardegna. .<\/p>\n<p style=\"text-align: justify;\">L\u2019ANFI \u00e8 attualmente la prima Associazione che ha ottenuto il riconoscimento da parte dello Stato italiano (1997) e dal 2005 cura la tenuta del \u201cLibro Genealogico del Gatto di Razza\u201d sotto la vigilanza del Ministero delle Politiche Agricole Alimentari e Forestali (MIPAAF) secondo quanto stabilito dal relativo Disciplinare e dalle Norme Tecniche, recentemente riviste ed approvate con il D.M. 12953 del 13.10.2008.<\/p>\n<p style=\"text-align: justify;\">Lo scopo dell\u2019ANFI \u00e8 quello di sviluppare la salvaguardia e la cultura delle specie e delle variet\u00e0 feline, incoraggiando e disciplinando l\u2019allevamento del gatto e promuovendo il benessere, lo sviluppo, il miglioramento, la tutela e la conservazione di tutte le razze e variet\u00e0.<\/p>\n<p style=\"text-align: justify;\">Per il conseguimento dei propri fini istituzionali l\u2019Associazione:<\/p>\n<ol>\n<li style=\"text-align: justify;\">a) regola e controlla la produzione e l\u2019allevamento dei gatti di razza pura con particolare riguardo alle esigenze della felinotecnica italiana;<\/li>\n<li style=\"text-align: justify;\">b) cura la tenuta dei Libri Genealogici, istituiti ai sensi del Decreto legislativo 30 dicembre 1992 n. 529, in armonia con le norme comunitarie ed internazionali sulla base degli appositi disciplinari approvati dal Ministero per le politiche agricole, alimentari e forestali;<\/li>\n<li style=\"text-align: justify;\">c) provvede alla tenuta e agli aggiornamenti degli elenchi dei giudici ed eventuali altri specialisti della felinotecnica e ne cura la preparazione tecnica e l\u2019aggiornamento culturale;<\/li>\n<li style=\"text-align: justify;\">d) promuove, riconosce, approva, patrocina esposizioni, raduni in Italia e all\u2019estero intesi anche a favorire la conoscenza, la valorizzazione e la selezione dei prodotti dell\u2019allevamento nazionale e ne stabilisce i regolamenti. Pu\u00f2 procedere anche ad organizzare direttamente o indirettamente esposizioni o altre manifestazioni ufficiali del Libro Genealogico sulla base di apposito disciplinare approvato dal Ministero per le politiche agricole;<\/li>\n<li style=\"text-align: justify;\">e) promuove studi, ricerche e iniziative rivolti allo studio, al miglioramento, al benessere e alla diffusione delle razze feline;<\/li>\n<li style=\"text-align: justify;\">f) esercita ogni altra funzione che le sia demandata da leggi e da disposizioni emanate dalle competenti Autorit\u00e0.<\/li>\n<\/ol>\n","protected":false},"excerpt":{"rendered":"<p>ASSOCIAZIONE NAZIONALE FELINA ITALIANA L\u2019Associazione Nazionale Felina Italiana (ANFI) per lo Stato Italiano nasce nel 1997, ma \u00e8 l\u2019 erede<\/p>\n","protected":false},"author":1,"featured_media":0,"parent":0,"menu_order":0,"comment_status":"closed","ping_status":"closed","template":"","meta":{"colormag_page_container_layout":"default_layout","colormag_page_sidebar_layout":"default_layout","footnotes":""},"class_list":["post-348","page","type-page","status-publish","hentry"],"yoast_head":"<!-- This site is optimized with the Yoast SEO plugin v27.1.1 - https:\/\/yoast.com\/product\/yoast-seo-wordpress\/ -->\n<title>Chi siamo - Anfi Toscana e Umbria<\/title>\n<meta name=\"robots\" content=\"index, follow, max-snippet:-1, max-image-preview:large, max-video-preview:-1\" \/>\n<link rel=\"canonical\" href=\"https:\/\/www.anfitoscana.net\/site\/chi-siamo\/\" \/>\n<meta property=\"og:locale\" content=\"it_IT\" \/>\n<meta property=\"og:type\" content=\"article\" \/>\n<meta property=\"og:title\" content=\"Chi siamo - Anfi Toscana e Umbria\" \/>\n<meta property=\"og:description\" content=\"ASSOCIAZIONE NAZIONALE FELINA ITALIANA L\u2019Associazione Nazionale Felina Italiana (ANFI) per lo Stato Italiano nasce nel 1997, ma \u00e8 l\u2019 erede\" \/>\n<meta property=\"og:url\" content=\"https:\/\/www.anfitoscana.net\/site\/chi-siamo\/\" \/>\n<meta property=\"og:site_name\" content=\"Anfi Toscana e Umbria\" \/>\n<meta property=\"article:publisher\" content=\"https:\/\/www.facebook.com\/anfitoscana\" \/>\n<meta property=\"article:modified_time\" content=\"2023-03-06T15:55:47+00:00\" \/>\n<meta name=\"twitter:card\" content=\"summary_large_image\" \/>\n<meta name=\"twitter:label1\" content=\"Tempo di lettura stimato\" \/>\n\t<meta name=\"twitter:data1\" content=\"4 minuti\" \/>\n<script type=\"application\/ld+json\" class=\"yoast-schema-graph\">{\"@context\":\"https:\/\/schema.org\",\"@graph\":[{\"@type\":\"WebPage\",\"@id\":\"https:\/\/www.anfitoscana.net\/site\/chi-siamo\/\",\"url\":\"https:\/\/www.anfitoscana.net\/site\/chi-siamo\/\",\"name\":\"Chi siamo - Anfi Toscana e Umbria\",\"isPartOf\":{\"@id\":\"https:\/\/www.anfitoscana.net\/site\/#website\"},\"datePublished\":\"2015-03-30T17:02:35+00:00\",\"dateModified\":\"2023-03-06T15:55:47+00:00\",\"breadcrumb\":{\"@id\":\"https:\/\/www.anfitoscana.net\/site\/chi-siamo\/#breadcrumb\"},\"inLanguage\":\"it-IT\",\"potentialAction\":[{\"@type\":\"ReadAction\",\"target\":[\"https:\/\/www.anfitoscana.net\/site\/chi-siamo\/\"]}]},{\"@type\":\"BreadcrumbList\",\"@id\":\"https:\/\/www.anfitoscana.net\/site\/chi-siamo\/#breadcrumb\",\"itemListElement\":[{\"@type\":\"ListItem\",\"position\":1,\"name\":\"Home\",\"item\":\"https:\/\/www.anfitoscana.net\/site\/\"},{\"@type\":\"ListItem\",\"position\":2,\"name\":\"Chi siamo\"}]},{\"@type\":\"WebSite\",\"@id\":\"https:\/\/www.anfitoscana.net\/site\/#website\",\"url\":\"https:\/\/www.anfitoscana.net\/site\/\",\"name\":\"Anfi Toscana e Umbria\",\"description\":\"\",\"publisher\":{\"@id\":\"https:\/\/www.anfitoscana.net\/site\/#organization\"},\"potentialAction\":[{\"@type\":\"SearchAction\",\"target\":{\"@type\":\"EntryPoint\",\"urlTemplate\":\"https:\/\/www.anfitoscana.net\/site\/?s={search_term_string}\"},\"query-input\":{\"@type\":\"PropertyValueSpecification\",\"valueRequired\":true,\"valueName\":\"search_term_string\"}}],\"inLanguage\":\"it-IT\"},{\"@type\":\"Organization\",\"@id\":\"https:\/\/www.anfitoscana.net\/site\/#organization\",\"name\":\"Anfi Toscana e Umbria\",\"url\":\"https:\/\/www.anfitoscana.net\/site\/\",\"logo\":{\"@type\":\"ImageObject\",\"inLanguage\":\"it-IT\",\"@id\":\"https:\/\/www.anfitoscana.net\/site\/#\/schema\/logo\/image\/\",\"url\":\"https:\/\/www.anfitoscana.net\/site\/wp-content\/uploads\/2022\/12\/logo-toscana-e-umbria-1-e1676991510273.png\",\"contentUrl\":\"https:\/\/www.anfitoscana.net\/site\/wp-content\/uploads\/2022\/12\/logo-toscana-e-umbria-1-e1676991510273.png\",\"width\":300,\"height\":185,\"caption\":\"Anfi Toscana e Umbria\"},\"image\":{\"@id\":\"https:\/\/www.anfitoscana.net\/site\/#\/schema\/logo\/image\/\"},\"sameAs\":[\"https:\/\/www.facebook.com\/anfitoscana\"]}]}<\/script>\n<!-- \/ Yoast SEO plugin. -->","yoast_head_json":{"title":"Chi siamo - Anfi Toscana e Umbria","robots":{"index":"index","follow":"follow","max-snippet":"max-snippet:-1","max-image-preview":"max-image-preview:large","max-video-preview":"max-video-preview:-1"},"canonical":"https:\/\/www.anfitoscana.net\/site\/chi-siamo\/","og_locale":"it_IT","og_type":"article","og_title":"Chi siamo - Anfi Toscana e Umbria","og_description":"ASSOCIAZIONE NAZIONALE FELINA ITALIANA L\u2019Associazione Nazionale Felina Italiana (ANFI) per lo Stato Italiano nasce nel 1997, ma \u00e8 l\u2019 erede","og_url":"https:\/\/www.anfitoscana.net\/site\/chi-siamo\/","og_site_name":"Anfi Toscana e Umbria","article_publisher":"https:\/\/www.facebook.com\/anfitoscana","article_modified_time":"2023-03-06T15:55:47+00:00","twitter_card":"summary_large_image","twitter_misc":{"Tempo di lettura stimato":"4 minuti"},"schema":{"@context":"https:\/\/schema.org","@graph":[{"@type":"WebPage","@id":"https:\/\/www.anfitoscana.net\/site\/chi-siamo\/","url":"https:\/\/www.anfitoscana.net\/site\/chi-siamo\/","name":"Chi siamo - Anfi Toscana e Umbria","isPartOf":{"@id":"https:\/\/www.anfitoscana.net\/site\/#website"},"datePublished":"2015-03-30T17:02:35+00:00","dateModified":"2023-03-06T15:55:47+00:00","breadcrumb":{"@id":"https:\/\/www.anfitoscana.net\/site\/chi-siamo\/#breadcrumb"},"inLanguage":"it-IT","potentialAction":[{"@type":"ReadAction","target":["https:\/\/www.anfitoscana.net\/site\/chi-siamo\/"]}]},{"@type":"BreadcrumbList","@id":"https:\/\/www.anfitoscana.net\/site\/chi-siamo\/#breadcrumb","itemListElement":[{"@type":"ListItem","position":1,"name":"Home","item":"https:\/\/www.anfitoscana.net\/site\/"},{"@type":"ListItem","position":2,"name":"Chi siamo"}]},{"@type":"WebSite","@id":"https:\/\/www.anfitoscana.net\/site\/#website","url":"https:\/\/www.anfitoscana.net\/site\/","name":"Anfi Toscana e Umbria","description":"","publisher":{"@id":"https:\/\/www.anfitoscana.net\/site\/#organization"},"potentialAction":[{"@type":"SearchAction","target":{"@type":"EntryPoint","urlTemplate":"https:\/\/www.anfitoscana.net\/site\/?s={search_term_string}"},"query-input":{"@type":"PropertyValueSpecification","valueRequired":true,"valueName":"search_term_string"}}],"inLanguage":"it-IT"},{"@type":"Organization","@id":"https:\/\/www.anfitoscana.net\/site\/#organization","name":"Anfi Toscana e Umbria","url":"https:\/\/www.anfitoscana.net\/site\/","logo":{"@type":"ImageObject","inLanguage":"it-IT","@id":"https:\/\/www.anfitoscana.net\/site\/#\/schema\/logo\/image\/","url":"https:\/\/www.anfitoscana.net\/site\/wp-content\/uploads\/2022\/12\/logo-toscana-e-umbria-1-e1676991510273.png","contentUrl":"https:\/\/www.anfitoscana.net\/site\/wp-content\/uploads\/2022\/12\/logo-toscana-e-umbria-1-e1676991510273.png","width":300,"height":185,"caption":"Anfi Toscana e Umbria"},"image":{"@id":"https:\/\/www.anfitoscana.net\/site\/#\/schema\/logo\/image\/"},"sameAs":["https:\/\/www.facebook.com\/anfitoscana"]}]}},"_links":{"self":[{"href":"https:\/\/www.anfitoscana.net\/site\/wp-json\/wp\/v2\/pages\/348","targetHints":{"allow":["GET"]}}],"collection":[{"href":"https:\/\/www.anfitoscana.net\/site\/wp-json\/wp\/v2\/pages"}],"about":[{"href":"https:\/\/www.anfitoscana.net\/site\/wp-json\/wp\/v2\/types\/page"}],"author":[{"embeddable":true,"href":"https:\/\/www.anfitoscana.net\/site\/wp-json\/wp\/v2\/users\/1"}],"replies":[{"embeddable":true,"href":"https:\/\/www.anfitoscana.net\/site\/wp-json\/wp\/v2\/comments?post=348"}],"version-history":[{"count":11,"href":"https:\/\/www.anfitoscana.net\/site\/wp-json\/wp\/v2\/pages\/348\/revisions"}],"predecessor-version":[{"id":1774,"href":"https:\/\/www.anfitoscana.net\/site\/wp-json\/wp\/v2\/pages\/348\/revisions\/1774"}],"wp:attachment":[{"href":"https:\/\/www.anfitoscana.net\/site\/wp-json\/wp\/v2\/media?parent=348"}],"curies":[{"name":"wp","href":"https:\/\/api.w.org\/{rel}","templated":true}]}}