{"id":443,"date":"2016-04-12T13:32:43","date_gmt":"2016-04-12T11:32:43","guid":{"rendered":"http:\/\/www.anfitoscana.net\/site\/?page_id=443"},"modified":"2022-12-19T22:25:49","modified_gmt":"2022-12-19T21:25:49","slug":"salute","status":"publish","type":"page","link":"https:\/\/www.anfitoscana.net\/site\/salute\/","title":{"rendered":"Salute"},"content":{"rendered":"<p style=\"text-align: justify;\"><strong>Disturbi nel comportamento eliminatorio del gatto<\/strong><\/p>\n<p style=\"text-align: justify;\">Il gatto \u00e8 di solito molto pignolo riguardo alle sue abitudini eliminatorie e tende ad usare in modo abitudinario una lettiera all\u2019interno della casa, se ce l\u2019ha a disposizione, oppure un suo posticino ad hoc in giardino. Pertanto se si scoprono feci o urine depositate in un angolo della casa, \u00e8 il segnale che qualcosa non va e il gatto lo sta segnalando nel suo linguaggio, occasionalmente pu\u00f2 capitare un incidente, se il gatto \u00e8 malato, \u00e8 rimasto intrappolato in una stanza o ha avuto uno spavento improvviso. Se per\u00f2 l\u2019urinazione e la defecazione inappropriata persistono, \u00e8 opportuno porsi delle domande sullo stato di salute e sul benessere del gatto, e ovviamente qualsiasi sia la causa , il gatto non deve essere punito. Le punizioni faranno soltanto s\u00ec che il gatto diventi ansioso e che il problema peggiori. I deterrenti come ricoprire i luoghi dove \u00e8 avvenuta l\u2019eliminazione inappropriata con fogli di alluminio o plastica, spargere bucce d\u2019arancio o pepe o lo spruzzino, serviranno soltanto a ridirezionare il comportamento da un\u2019altra parte, causare ulteriore ansia. \u00c8 importante capire che il modo in cui agisce il gatto non \u00e8 un dispetto o una vendetta, qualcosa sta andando storto nel suo mondo e bisogna cercare di scoprire di che si tratta.<\/p>\n<p style=\"text-align: justify;\">La prima cosa da chiarire \u00e8 se si tratta di ELIMINAZIONE o di MARCATURA, \u00e8 importante perch\u00e9 le due cose sono molto differenti. I gatti usano l\u2019urina come segnale odoroso o \u201cmarcatura\u201d per s\u00e9 stessi e per gli altri gatti. I motivi per i quali l\u2019urina viene deposta come segnale odoroso \u00e8 molto diverso rispetto all\u2019eliminazione di urina perch\u00e9 la vescica \u00e8 piena e va svuotata.<br \/>\n\u00c8 pertanto importante stabilire se il gatto sta spruzzando o urinando dal momento che l\u2019approccio al problema sar\u00e0 totalmente diverso.<\/p>\n<ul style=\"text-align: justify;\">\n<li>Per urinare il gatto si accovaccia e deposita un discreto volume di urine su una superficie orizzontale. Inoltre il gatto pu\u00f2 grattare l\u2019area intorno a dove ha urinato, anche se non c\u2019\u00e8 niente da scavare. I siti pi\u00f9 comuni per le eliminazioni inappropriate sono: tappeti, divani, piumoni, vasche da bagno o lavandini.<\/li>\n<\/ul>\n<ul style=\"text-align: justify;\">\n<li>Per spruzzare, invece, il gatto sta in piedi, di solito scalpiccia con i piedi posteriori, facendo fremere la coda e spruzzando una piccola quantit\u00e0 di urina all\u2019indietro su una superficie verticale, come un muro, ad altezza di naso di gatto, lasciando una scia di odore notevole. I posti pi\u00f9 comuni dove si pu\u00f2 trovare spruzzato sono, porte, finestre, intorno alle porticine per gatti, sulle tende, su apparecchi elettrici o elettrodomestici, sulle borse della spesa o su quelle della spazzatura.<\/li>\n<\/ul>\n<p style=\"text-align: justify;\">Quando si \u00e8 capito quale dei due eventi si sta manifestando, sar\u00e0 necessario prendere gli opportuni provvedimenti per risolvere il problema.<br \/>\nIl problema \u00e8 inoltre che, una volta che il gatto ha urinato o defecato in un posto, sar\u00e0 spinto a riusare quel posto come una normale toilette. Il miglior modo di interrompere questa abitudine \u00e8 tenere il gatto lontano da questa area il pi\u00f9 possibile, rimuovere qualsiasi odore che il gatto possa rilevare e variare la geografia del luogo usando ad esempio un mobile per chiudere l\u2019accesso.<br \/>\nLavare l\u2019area con una soluzione enzimatica al 10% e poi risciacquare con acqua calda e far asciugare. Spruzzare l\u2019area con alcool, sfregare e lasciar asciugare. (no varechina, no ammoniaca, no deodoranti).<br \/>\nIn ogni caso, un gatto che ha iniziato a fare eliminazioni\u00a0inappropriate in casa deve essere per prima cosa sottoposto a visita veterinaria per escludere che si possa trattare di un problema all\u2019apparato urinario. Qualsiasi tipo di infezione o\u00a0infiammazione del tratto urinario pu\u00f2 far s\u00ec che il gatto urini dove si trova invece di andare fuori o alla lettiera. Quando il gatto urina in questo modo si pu\u00f2 scambiare per una\u00a0marcatura. Il gatto spesso trae beneficio dall\u2019aumento di liquidi nella dieta se soffre di cistite ricorrente, quindi si pu\u00f2 variare la dieta da secco a umido, previa consultazione veterinaria.<br \/>\nPerch\u00e9 il gatto sporca in casa? Eliminazione inappropriata<br \/>\nCi sono numerosi motivi per cui un gatto pu\u00f2 iniziare a sporcare in casa. Qui sotto sono elencati i\u00a0pi\u00f9 comuni e le possibili soluzioni.<\/p>\n<p style=\"text-align: justify;\"><strong>Malattie<br \/>\n<\/strong>Malattie del tratto urinario o la diarrea possono causare eliminazioni in giro perch\u00e8 il gatto sta male\u00a0o proprio non ce la fa a raggiungere la lettiera o a uscire.<\/p>\n<p style=\"text-align: justify;\"><strong>Soluzioni Possibili<br \/>\n<\/strong>Necessita appropriato trattamento medico che risolva la patologia, il gatto per\u00f2 potr\u00e0 sporcare in\u00a0giro a causa del fatto che ha sperimentato disagio o dolore sulla lettiera, pertanto sar\u00e0 opportuno\u00a0fornirgli un\u2019altra lettiera e incoraggiarne l\u2019uso.<\/p>\n<p style=\"text-align: justify;\"><strong>Et\u00e0<br \/>\n<\/strong>Un gatto anziano potr\u00e0 non volersene andare fuori al freddo o alla pioggia o potrebbe avere\u00a0problemi ad usare la lettiera che usava fino a prima a causa delle articolazioni anchilosate. Quando\u00a0diventa vecchio un gatto diventa anche pi\u00f9 insicuro e si pu\u00f2 sentire minacciato dalla presenza di altri\u00a0gatti nei dintorni.<\/p>\n<p style=\"text-align: justify;\"><strong>Soluzioni Possibili<br \/>\n<\/strong>Ad un gatto anziano e con un po\u2019 di artrite bisogna fornire dei posti sicuri e facilmente accessibili, dove fare i propri bisogni. Fornirgli una lettiera bassa o con una parte tagliata o con una piccola rampa per accedervi spesso aiuta.<\/p>\n<p style=\"text-align: justify;\"><strong>Paura o ansia<br \/>\n<\/strong>I gatti si sentono molto vulnerabili quando sono nella lettiera, e se si sentono minacciati, possono\u00a0non usare pi\u00f9 quella specifica lettiera dove si sentono in condizioni di inferiorit\u00e0. Spesso il problema sono altri gatti (in casa o fuori) che intimidiscono o infastidiscono il gatto che sta urinando e defecando, o un rumore improvviso che lo ha spaventato.<\/p>\n<p style=\"text-align: justify;\"><strong>Soluzioni Possibili<br \/>\n<\/strong>Fornire un posto discreto dove sistemare la lettiera dentro la casa, assicurarsi che il posto sia sicuro\u00a0da assalti di altri gatti ed eventualmente fornito di una via di fuga.<\/p>\n<p style=\"text-align: justify;\"><strong>Rimozione dei siti prima utilizzati<br \/>\n<\/strong>Alcuni gatti sono molto abitudinari e qualsiasi cambiamento nella loro routine di eliminazione ha un\u00a0serio impatto sul loro comportamento.<\/p>\n<p style=\"text-align: justify;\"><strong>Soluzioni Possibili<br \/>\n<\/strong>Assicurarsi che le zone preferite del gatto per l\u2019eliminazione siano sempre rispettate.<\/p>\n<p style=\"text-align: justify;\"><strong>Problemi di lettiera<br \/>\n<\/strong>Se il gatto normalmente usa una lettiera ma ha recentemente iniziato a farla in altri posti della casa,\u00a0di solito c\u2019\u00e8 una ragione. Ecco le cause pi\u00f9 comuni:<\/p>\n<ul style=\"text-align: justify;\">\n<li>Lettiere sporche: i gatti non gradiscono lettiere che ritengono troppo sporche. Le lettiere dovrebbero essere vuotate completamente e lavate ogni due giorni ed essere quotidianamente rabboccate con sabbietta pulita una volta che i solidi sono rimossi. Se la sabbietta non \u00e8 agglomerante dovrebbe essere cambiata ogni 2 giorni al massimo (oltre che quotidianamente rimossi i solidi) poich\u00e9 l&#8217;accumulo dell&#8217;odore di urina vecchia pu\u00f2 diventare estremamente sgradevole per il gatto.<\/li>\n<li>odori sgradevoli (per il gatto): se il gatto non gradisce deodoranti o disinfettanti con forti odori che possono essere stati usati per pulire la lettiera pu\u00f2 rifiutarsi si usarla. La lettiera va pulita con acqua calda e un detergente-disinfettante non aggressivo, possibilmente specifico per pulizia delle lettiere e va risciacquata bene prima dell&#8217;uso. I gatti che stanno imparando ad usare la lettiera all\u2019inizio e\u00a0possono avere bisogno di stabilire un associazione con posti e odori e una pulizia troppo frequente o con detergenti troppo aggressivi pu\u00f2 indebolire l&#8217;associazione.<\/li>\n<\/ul>\n<ul style=\"text-align: justify;\">\n<li>Tipo di sabbietta non gradito: Il cambiamento della consistenza o del tipo di lettiera pu\u00f2 dissuadere il gatto dall\u2019usare la lettiera. I pellets di legno possono essere accettabili per un gattino ma quando il gatto crescendo diventa pi\u00f9 pesante pu\u00f2 trovare scomodo camminare su tale superficie. I gatti preferiscono la sabbia di grana fine con la consistenza della sabbia del mare e senza deodoranti\u00a0profumati. Se volete cambiare il tipo che usate, mescolate il nuovo gradualmente dentro il vecchio nel giro di una settimana per misurare la reazione del gatto.<\/li>\n<\/ul>\n<ul style=\"text-align: justify;\">\n<li>Posizione della lettiera: Se la lettiera \u00e8 posizionata all&#8217;aperto dove il cane, i bambini o altri gatti\u00a0lo disturbano, il gatto pu\u00f2 non usarla volentieri. Invece pu\u00f2 cercare un punto pi\u00f9 sicuro dietro la televisione. I gatti possono non gradire una lettiera posta vicino ad un rumoroso elettrodomestico\u00a0(es la lavatrice). La lettiera va messa in un angolo calmo e riparato in cui il gatto non debba guardarsi le spalle, la ciotola del cibo e dell\u2019acqua ovviamente NON VANNO MAI messe vicine alla lettiera.<\/li>\n<\/ul>\n<ul style=\"text-align: justify;\">\n<li>Tipo di lettiera: Alcuni gatti preferiscono la sicurezza di una lettiera coperta mentre altri preferiscono una lettiera aperta perch\u00e9 offre maggiori opzioni per la fuga. Se utilizzate normalmente una\u00a0lettiera aperta pu\u00f2 valere la pena di comprarne una chiusa o viceversa. Uno scatolone capovolto con un lato tagliato o un attento posizionamento delle piante di casa pu\u00f2 fornire la segretezza necessaria.<\/li>\n<\/ul>\n<ul style=\"text-align: justify;\">\n<li>Associazioni sgradevoli: Un gatto pu\u00f2 decidere di non utilizzare una lettiera perch\u00e9 durante il suo utilizzo ha avuto un&#8217;esperienza per lui sgradevole, ad esempio si \u00e8 approfittato per somministrargli una pillola o una puntura, questo pu\u00f2 essere sufficiente per generare un&#8217;associazione sgradevole. Riposizionare la lettiera in un punto calmo pu\u00f2 aiutare.<\/li>\n<li>Educazione iniziale: I gattini piccoli sporcheranno spesso in giro per casa, se viene loro permesso di andare dove vogliono, infatti essi hanno un controllo delle viscere e della vescica\u00a0non completamente sviluppato ed \u00e8 quindi molto importante che abbiano sempre accesso facile\u00a0e rapido alla lettiera . \u00c8 consigliabile limitare inizialmente il gattino ad una stanza e aumentare i\u00a0periodi di esplorazione di altre zone dopo alcune settimane.<\/li>\n<\/ul>\n<p style=\"text-align: justify;\"><strong>Perch\u00e9 il gatto MARCA in casa? Comportamento di marcatura<br \/>\n<\/strong>Tutti i gatti, maschi o femmine, interi o castrati. possono spruzzare. Questo comportamento si presenta solitamente all&#8217;aperto come parte del sistema di comunicazione tramite odori. I gatti sono soliti lasciare segnali della propria presenza strusciandosi e graffiando ramoscelli o altri oggetti, non solo per farsi conoscere dagli altri gatti ma anche per \u201crifornire\u201d il territorio con il proprio marchio. Nel gatto non castrato, l&#8217;urina non solo segnala la presenza del maschio ma anche la sua condizione. Lo spruzzare all&#8217;interno della casa \u00e8 un segno che il gatto \u00e8 sottoposto a stress e deve riassicurare s\u00e9 stesso, circondandosi dei suoi odori. Poich\u00e9 gi\u00e0 il gatto si ritiene minacciato da qualcosa, vano evitate le punizioni altrimenti il problema potr\u00e0 solo peggiore. I proprietari devono cercare di capire in che cosa consiste la minaccia e agire per eliminarla o gestirla. La causa pi\u00f9 comune \u00e8 la presenza di altri gatti, all&#8217;interno della casa o nelle vicinanze. Pu\u00f2 capitare che l\u2019arrivo di un nuovo bambino o di una persona nella famiglia, lavori di ristrutturazione, cambi di mobili o una variazione nella routine della vita quotidiana determinino l&#8217;inizio di spraying in casa, se il gatto \u00e8 gi\u00e0 un po&#8217; ansioso.<\/p>\n<p style=\"text-align: justify;\"><strong>Arrivo di un gatto nuovo gatto<br \/>\n<\/strong>L&#8217;entrata in famiglia di un nuovo gatto pu\u00f2 far s\u00ec che i gatti gi\u00e0 presenti si sentano minacciati o che\u00a0vengano alterati gli equilibri presenti cos\u00ec che compare il comportamento di spraying, spesso\u00a0accompagnato da un grado di aggressione passiva o attiva e di comportamento d&#8217;intimidazione di\u00a0cui il proprietario pu\u00f2 non accorgersi. Per risolvere il problema \u00e8 necessario impedire il conflitto fra i gatti e aumentare la sensazione di sicurezza e fiducia nell\u2019ambiente domestico. La presenza di abbondanti risorse far\u00e0 diminuire l&#8217;ansia da concorrenza. Il numero giusto sarebbe una risorsa per gatto pi\u00f9 una , considerando risorse:<br \/>\n&#8211; Stazioni d&#8217;alimentazione (l&#8217;alimentazione a volont\u00e0 promuover\u00e0 un atteggiamento meno competitivo)<br \/>\n&#8211; Luoghi dove bere<br \/>\n&#8211; Cucce comode e calde<br \/>\n&#8211; Lettiere<br \/>\n&#8211; Tiragraffi ad albero<br \/>\n&#8211; Spazi in alto<br \/>\n&#8211; Zone per nascondersi<br \/>\n&#8211; Giocattoli<\/p>\n<p style=\"text-align: justify;\">I gatti spruzzano spesso vicino ad una porta per riassicurarsi e per segnalare la loro presenza ai gatti esterni. E\u2019 sufficiente che vedano altri gatti anche fuori in giardino da una porta o da una finestra per sentirsi minacciati, in tal caso si deve impedire che gatti esterni entrino in giardino o si devono coprire con tende, piante o altro le zone da dove il gatto potrebbe vedere gli \u201cinvasori\u201d. Una volta che il gatto ritiene che all&#8217;interno \u00e8 sicuro ci sar\u00e0 meno necessit\u00e0 di contrassegnare marcando.<\/p>\n<p style=\"text-align: justify;\"><strong>Lavori di decorazione e di ristrutturazione<br \/>\n<\/strong>Un gatto nervoso o che vive esclusivamente all&#8217;interno pu\u00f2 sentirsi minacciato dai cambiamenti che\u00a0vengono apportati al suo ambiente. Gli odori portati dentro su abiti e scarpe dei proprietari possono\u00a0essere sufficienti ad innescare un senso di insicurezza e quindi la necessit\u00e0 di spruzzare. I lavori di\u00a0imbiancatura o cambiamento di mobili rimuovono tutte le sottili tracce odorose che il gatto aveva\u00a0applicato con pazienza e determinazione al suo territorio, strusciandosi contro le pareti e graffiando\u00a0i mobili. Per ridurre l\u2019effetto shock di questi cambiamenti al territorio del gatto \u00e8 bene farlo stare lontano dalle aree modificate fino a che gli odori \u201cnuovi\u201d si siano mescolati con\u00a0gli odori normali della casa. Si pu\u00f2 accelerare questo processo spargendo un po\u2019 dell\u2019odore del gatto noi stessi. Strofinando delicatamente un panno sulla testa del gatto, vicino alle orecchie, si raccolgono i feromoni che forniscono un messaggio di familiarit\u00e0 e di sicurezza direttamente al\u00a0cervello del gatto, il panno poi va strofinato sui mobili e sulle pareti ad altezza del gatto varie volte al giorno. Il gatto pu\u00f2 essere meno indotto a spruzzare se sente il proprio odore gi\u00e0\u00a0presente. Ora esiste un prodotto specifico che contiene i feromoni sintetici (Feliway) che \u00e8 molto utile per dare alla casa un assetto feromonale \u201ctranquillo\u201d<\/p>\n<p style=\"text-align: justify;\"><strong>Aiutare il gatto a sentirsi sicuro<br \/>\n<\/strong>Anche quando la causa dello spraying non \u00e8 evidente ci sono modi cui potete far si che il vostro gatto si senta pi\u00f9 sicuro e quindi pi\u00f9 tranquillo. Per esempio, limitare la zona che il gatto deve\u00a0perlustrare ad una o due stanza pu\u00f2 contribuire a migliorare il senso di sicurezza ed a ridurre il desiderio di contrassegnare, usare i feromoni facciali felini sintetici e pulire molto bene i luoghi\u00a0spruzzati con acqua calda e detersivi enzimatici, spruzzando poi sul luogo alcool a 90\u00b0. Poi si passa con Feliway due volte al giorno per almeno una settimana. Disporre le ciotole con il cibo vicino ai\u00a0luoghi spruzzati pu\u00f2 favorire l&#8217;associazione positiva con la zona.<\/p>\n<p style=\"text-align: justify;\"><strong>Aiuto Specialistico<br \/>\n<\/strong>Le eliminazioni inappropriate possono essere curate in molti gatti usando le tecniche descritte qui.\u00a0In alcuni casi il problema pu\u00f2 essere pi\u00f9 persistente ed \u00e8 consigliabile discuterlo con il vostro\u00a0medico veterinario piuttosto che provare da soli. I problemi di comportamento possono essere\u00a0trattati occasionalmente con appositi farmaci ma \u00e8 fondamentale la terapia comportamentale per\u00a0controllare o rimuovere la causa alla base del problema. In tal caso \u00e8 bene fare riferimento ad uno\u00a0specialista nel comportamento felino.<\/p>\n<p style=\"text-align: justify;\"><strong>Fonti<\/strong><\/p>\n<ol style=\"text-align: justify;\">\n<li>Recent Advances in Companion Animal Behavior Problems, Houpt K.A. (Ed.). International Veterinary\u00a0Information Service, Ithaca NY (www.ivis.org), Last updated: 11-Oct-2000; A0801.1000.<\/li>\n<\/ol>\n<ol start=\"2\">\n<li style=\"text-align: justify;\">Feline Urine Spraying K. Seksel Seaforth Veterinary Hospital, Seaforth, New South Wales, Australia.<\/li>\n<\/ol>\n","protected":false},"excerpt":{"rendered":"<p>Disturbi nel comportamento eliminatorio del gatto Il gatto \u00e8 di solito molto pignolo riguardo alle sue abitudini eliminatorie e tende<\/p>\n","protected":false},"author":1,"featured_media":0,"parent":0,"menu_order":0,"comment_status":"closed","ping_status":"closed","template":"templates\/template-sidebar-right.php","meta":{"colormag_page_container_layout":"default_layout","colormag_page_sidebar_layout":"default_layout","footnotes":""},"class_list":["post-443","page","type-page","status-publish","hentry"],"yoast_head":"<!-- This site is optimized with the Yoast SEO plugin v27.1.1 - https:\/\/yoast.com\/product\/yoast-seo-wordpress\/ -->\n<title>Salute - Anfi Toscana e Umbria<\/title>\n<meta name=\"robots\" content=\"index, follow, max-snippet:-1, max-image-preview:large, max-video-preview:-1\" \/>\n<link rel=\"canonical\" href=\"https:\/\/www.anfitoscana.net\/site\/salute\/\" \/>\n<meta property=\"og:locale\" content=\"it_IT\" \/>\n<meta property=\"og:type\" content=\"article\" \/>\n<meta property=\"og:title\" content=\"Salute - Anfi Toscana e Umbria\" \/>\n<meta property=\"og:description\" content=\"Disturbi nel comportamento eliminatorio del gatto Il gatto \u00e8 di solito molto pignolo riguardo alle sue abitudini eliminatorie e tende\" \/>\n<meta property=\"og:url\" content=\"https:\/\/www.anfitoscana.net\/site\/salute\/\" \/>\n<meta property=\"og:site_name\" content=\"Anfi Toscana e Umbria\" \/>\n<meta property=\"article:publisher\" content=\"https:\/\/www.facebook.com\/anfitoscana\" \/>\n<meta property=\"article:modified_time\" content=\"2022-12-19T21:25:49+00:00\" \/>\n<meta name=\"twitter:card\" content=\"summary_large_image\" \/>\n<meta name=\"twitter:label1\" content=\"Tempo di lettura stimato\" \/>\n\t<meta name=\"twitter:data1\" content=\"13 minuti\" \/>\n<script type=\"application\/ld+json\" class=\"yoast-schema-graph\">{\"@context\":\"https:\/\/schema.org\",\"@graph\":[{\"@type\":\"WebPage\",\"@id\":\"https:\/\/www.anfitoscana.net\/site\/salute\/\",\"url\":\"https:\/\/www.anfitoscana.net\/site\/salute\/\",\"name\":\"Salute - Anfi Toscana e Umbria\",\"isPartOf\":{\"@id\":\"https:\/\/www.anfitoscana.net\/site\/#website\"},\"datePublished\":\"2016-04-12T11:32:43+00:00\",\"dateModified\":\"2022-12-19T21:25:49+00:00\",\"breadcrumb\":{\"@id\":\"https:\/\/www.anfitoscana.net\/site\/salute\/#breadcrumb\"},\"inLanguage\":\"it-IT\",\"potentialAction\":[{\"@type\":\"ReadAction\",\"target\":[\"https:\/\/www.anfitoscana.net\/site\/salute\/\"]}]},{\"@type\":\"BreadcrumbList\",\"@id\":\"https:\/\/www.anfitoscana.net\/site\/salute\/#breadcrumb\",\"itemListElement\":[{\"@type\":\"ListItem\",\"position\":1,\"name\":\"Home\",\"item\":\"https:\/\/www.anfitoscana.net\/site\/\"},{\"@type\":\"ListItem\",\"position\":2,\"name\":\"Salute\"}]},{\"@type\":\"WebSite\",\"@id\":\"https:\/\/www.anfitoscana.net\/site\/#website\",\"url\":\"https:\/\/www.anfitoscana.net\/site\/\",\"name\":\"Anfi Toscana e Umbria\",\"description\":\"\",\"publisher\":{\"@id\":\"https:\/\/www.anfitoscana.net\/site\/#organization\"},\"potentialAction\":[{\"@type\":\"SearchAction\",\"target\":{\"@type\":\"EntryPoint\",\"urlTemplate\":\"https:\/\/www.anfitoscana.net\/site\/?s={search_term_string}\"},\"query-input\":{\"@type\":\"PropertyValueSpecification\",\"valueRequired\":true,\"valueName\":\"search_term_string\"}}],\"inLanguage\":\"it-IT\"},{\"@type\":\"Organization\",\"@id\":\"https:\/\/www.anfitoscana.net\/site\/#organization\",\"name\":\"Anfi Toscana e Umbria\",\"url\":\"https:\/\/www.anfitoscana.net\/site\/\",\"logo\":{\"@type\":\"ImageObject\",\"inLanguage\":\"it-IT\",\"@id\":\"https:\/\/www.anfitoscana.net\/site\/#\/schema\/logo\/image\/\",\"url\":\"https:\/\/www.anfitoscana.net\/site\/wp-content\/uploads\/2022\/12\/logo-toscana-e-umbria-1-e1676991510273.png\",\"contentUrl\":\"https:\/\/www.anfitoscana.net\/site\/wp-content\/uploads\/2022\/12\/logo-toscana-e-umbria-1-e1676991510273.png\",\"width\":300,\"height\":185,\"caption\":\"Anfi Toscana e Umbria\"},\"image\":{\"@id\":\"https:\/\/www.anfitoscana.net\/site\/#\/schema\/logo\/image\/\"},\"sameAs\":[\"https:\/\/www.facebook.com\/anfitoscana\"]}]}<\/script>\n<!-- \/ Yoast SEO plugin. -->","yoast_head_json":{"title":"Salute - Anfi Toscana e Umbria","robots":{"index":"index","follow":"follow","max-snippet":"max-snippet:-1","max-image-preview":"max-image-preview:large","max-video-preview":"max-video-preview:-1"},"canonical":"https:\/\/www.anfitoscana.net\/site\/salute\/","og_locale":"it_IT","og_type":"article","og_title":"Salute - Anfi Toscana e Umbria","og_description":"Disturbi nel comportamento eliminatorio del gatto Il gatto \u00e8 di solito molto pignolo riguardo alle sue abitudini eliminatorie e tende","og_url":"https:\/\/www.anfitoscana.net\/site\/salute\/","og_site_name":"Anfi Toscana e Umbria","article_publisher":"https:\/\/www.facebook.com\/anfitoscana","article_modified_time":"2022-12-19T21:25:49+00:00","twitter_card":"summary_large_image","twitter_misc":{"Tempo di lettura stimato":"13 minuti"},"schema":{"@context":"https:\/\/schema.org","@graph":[{"@type":"WebPage","@id":"https:\/\/www.anfitoscana.net\/site\/salute\/","url":"https:\/\/www.anfitoscana.net\/site\/salute\/","name":"Salute - Anfi Toscana e Umbria","isPartOf":{"@id":"https:\/\/www.anfitoscana.net\/site\/#website"},"datePublished":"2016-04-12T11:32:43+00:00","dateModified":"2022-12-19T21:25:49+00:00","breadcrumb":{"@id":"https:\/\/www.anfitoscana.net\/site\/salute\/#breadcrumb"},"inLanguage":"it-IT","potentialAction":[{"@type":"ReadAction","target":["https:\/\/www.anfitoscana.net\/site\/salute\/"]}]},{"@type":"BreadcrumbList","@id":"https:\/\/www.anfitoscana.net\/site\/salute\/#breadcrumb","itemListElement":[{"@type":"ListItem","position":1,"name":"Home","item":"https:\/\/www.anfitoscana.net\/site\/"},{"@type":"ListItem","position":2,"name":"Salute"}]},{"@type":"WebSite","@id":"https:\/\/www.anfitoscana.net\/site\/#website","url":"https:\/\/www.anfitoscana.net\/site\/","name":"Anfi Toscana e Umbria","description":"","publisher":{"@id":"https:\/\/www.anfitoscana.net\/site\/#organization"},"potentialAction":[{"@type":"SearchAction","target":{"@type":"EntryPoint","urlTemplate":"https:\/\/www.anfitoscana.net\/site\/?s={search_term_string}"},"query-input":{"@type":"PropertyValueSpecification","valueRequired":true,"valueName":"search_term_string"}}],"inLanguage":"it-IT"},{"@type":"Organization","@id":"https:\/\/www.anfitoscana.net\/site\/#organization","name":"Anfi Toscana e Umbria","url":"https:\/\/www.anfitoscana.net\/site\/","logo":{"@type":"ImageObject","inLanguage":"it-IT","@id":"https:\/\/www.anfitoscana.net\/site\/#\/schema\/logo\/image\/","url":"https:\/\/www.anfitoscana.net\/site\/wp-content\/uploads\/2022\/12\/logo-toscana-e-umbria-1-e1676991510273.png","contentUrl":"https:\/\/www.anfitoscana.net\/site\/wp-content\/uploads\/2022\/12\/logo-toscana-e-umbria-1-e1676991510273.png","width":300,"height":185,"caption":"Anfi Toscana e Umbria"},"image":{"@id":"https:\/\/www.anfitoscana.net\/site\/#\/schema\/logo\/image\/"},"sameAs":["https:\/\/www.facebook.com\/anfitoscana"]}]}},"_links":{"self":[{"href":"https:\/\/www.anfitoscana.net\/site\/wp-json\/wp\/v2\/pages\/443","targetHints":{"allow":["GET"]}}],"collection":[{"href":"https:\/\/www.anfitoscana.net\/site\/wp-json\/wp\/v2\/pages"}],"about":[{"href":"https:\/\/www.anfitoscana.net\/site\/wp-json\/wp\/v2\/types\/page"}],"author":[{"embeddable":true,"href":"https:\/\/www.anfitoscana.net\/site\/wp-json\/wp\/v2\/users\/1"}],"replies":[{"embeddable":true,"href":"https:\/\/www.anfitoscana.net\/site\/wp-json\/wp\/v2\/comments?post=443"}],"version-history":[{"count":4,"href":"https:\/\/www.anfitoscana.net\/site\/wp-json\/wp\/v2\/pages\/443\/revisions"}],"predecessor-version":[{"id":1689,"href":"https:\/\/www.anfitoscana.net\/site\/wp-json\/wp\/v2\/pages\/443\/revisions\/1689"}],"wp:attachment":[{"href":"https:\/\/www.anfitoscana.net\/site\/wp-json\/wp\/v2\/media?parent=443"}],"curies":[{"name":"wp","href":"https:\/\/api.w.org\/{rel}","templated":true}]}}